{"id":673,"date":"2019-01-25T11:06:40","date_gmt":"2019-01-25T10:06:40","guid":{"rendered":"http:\/\/xn--gdfosant33-i7a.fr\/?page_id=673"},"modified":"2024-01-15T15:25:00","modified_gmt":"2024-01-15T14:25:00","slug":"instances-representatives","status":"publish","type":"page","link":"https:\/\/xn--gdfosant33-i7a.fr\/index.php\/instances-representatives\/","title":{"rendered":"Instances repr\u00e9sentatives"},"content":{"rendered":"\n<p class=\"has-text-align-center has-cyan-bluish-gray-color has-vivid-red-background-color has-text-color has-background has-large-font-size\"><strong>Commissions Administratives Paritaires D\u00e9partementales<\/strong><\/p>\n\n\n\n<h4 class=\"wp-block-heading\"><a href=\"https:\/\/xn--gdfosant33-i7a.fr\/index.php\/representants-fo-capd\/\">Cliquez ici pour voir vos repr\u00e9sentants FO en&nbsp;CAPD<\/a><\/h4>\n\n\n\n<p><strong>Les C.A.P.D. sont consult\u00e9es pour tous les dossiers d\u2019agents ne disposant pas de CAP Locale. De plus tous les dossiers faisant l\u2019objet de recours peuvent passer par cette instance D\u00e9partementale (notation, discipline, d\u00e9roulement de carri\u00e8re\u2026). <br>Elles se prononcent sur :<\/strong><\/p>\n\n\n\n<p class=\"has-text-align-center\"><em>\uf0de Avancement de grade<br> \uf0de Titularisation<br> \uf0de Avancement d\u2019\u00e9chelon<br> \uf0de Inscription sur liste d\u2019aptitude<br> \uf0de Licenciement en cours de stage<br> \uf0de Discipline, refus de d\u00e9mission<br>\uf0de Dispense d\u2019un engagement \u00e0 servir \u00e0<br> l\u2019issu d\u2019un cong\u00e9 de formation personnel<br> ou professionnel.<br> \uf0de Litiges sur l\u2019obtention d\u2019un temps partiel<br> \uf0de Mise \u00e0 disposition, en d\u00e9tachement, en<br> disponibilit\u00e9 <\/em><br><br><\/p>\n\n\n\n<p class=\"has-text-align-center has-cyan-bluish-gray-color has-vivid-red-background-color has-text-color has-background has-large-font-size\"><strong>Commission&nbsp;de&nbsp;r\u00e9forme<\/strong><\/p>\n\n\n\n<h4 class=\"wp-block-heading\"><a href=\"https:\/\/xn--gdfosant33-i7a.fr\/index.php\/conseil-medical\/\">Cliquez ici pour voir vos repr\u00e9sentants\u00a0FO \u00e0 la CR<\/a><\/h4>\n\n\n\n<p><strong>La Commission de R\u00e9forme est une instance consultative m\u00e9dicale et paritaire. Elle se prononce sur :<\/strong><\/p>\n\n\n\n<p class=\"has-text-align-center\">\uf0de<em> l\u2019imputabilit\u00e9 au service d\u2019un accident ou d\u2019une maladie<br> \uf0de l\u2019\u00e9tat de sant\u00e9, les infirmit\u00e9s ou le taux d\u2019invalidit\u00e9 qui d\u00e9coulent d\u2019une maladie ou d\u2019un accident imputables au service.<br> \uf0de les cong\u00e9s pour accident de service\/maladie contract\u00e9e dans l\u2019exercice des fonctions, cong\u00e9 de longue maladie ou de longue dur\u00e9e imputable au service (\u00e0 la demande de l\u2019administration)<br> \uf0de la mise en disponibilit\u00e9 d\u2019office ou la mise \u00e0 la retraite pour invalidit\u00e9 d\u2019un agent<\/em><\/p>\n\n\n\n<p class=\"has-text-align-center has-cyan-bluish-gray-color has-vivid-red-background-color has-text-color has-background has-large-font-size\"><strong>Commission&nbsp;consultative&nbsp;paritaire<\/strong><\/p>\n\n\n\n<h4 class=\"wp-block-heading\"><a href=\"http:\/\/gdfosant\u00e933.fr\/index.php\/representants-fo-a-la-ccp\/\">Cliquez ici pour voir vos Repr\u00e9sentants FO \u00e0 la CCP<\/a><\/h4>\n\n\n\n<p><strong>La CCP est obligatoirement consult\u00e9e lors d\u2019un reclassement pour inaptitude et un reclassement pour raison de sant\u00e9 ainsi que sur les d\u00e9cisions individuelles relatives :<\/strong><\/p>\n\n\n\n<p class=\"has-text-align-center\">\uf0de Aux licenciements intervenant post\u00e9rieurement \u00e0 la p\u00e9riode d\u2019essai<br>\n\uf0de Aux sanctions disciplinaires autres que l\u2019avertissement et le bl\u00e2me<br>\n\uf0de Au non-renouvellement du contrat des personnes investies d\u2019un mandat syndical<\/p>\n\n\n\n<p><strong>La CCP est saisie pour avis, \u00e0 la demande des agents contractuels, dans le cadre d\u2019un recours portant sur l\u2019\u00e9valuation professionnelle et sur les questions individuelles relatives :<\/strong><\/p>\n\n\n\n<p class=\"has-text-align-center\">\uf0de Aux refus d\u2019autorisation d\u2019accomplir un service \u00e0 temps partiel<br> \uf0de Aux refus de cong\u00e9s pour formation professionnelle, cong\u00e9s pour raisons familiales ou personnelles pour cr\u00e9ation d\u2019entreprise ou de mobilit\u00e9, cong\u00e9s pour formation de cadres et d\u2019animateurs pour la jeunesse ou cong\u00e9s pour formation syndicale<br> \uf0de Aux refus d\u2019autorisation d\u2019absence pour suivre une action de pr\u00e9paration \u00e0 un concours  administratif ou \u00e0 l\u2019acc\u00e8s \u00e0 une \u00e9cole, institution ou cycle pr\u00e9paratoire \u00e0 la fonction  publique ou bien une action de formation continue<\/p>\n","protected":false},"excerpt":{"rendered":"<p>Commissions Administratives Paritaires D\u00e9partementales Cliquez ici pour voir vos repr\u00e9sentants FO en&nbsp;CAPD Les C.A.P.D. sont consult\u00e9es pour tous les dossiers d\u2019agents ne disposant pas de CAP Locale. De plus tous les dossiers faisant l\u2019objet de recours peuvent passer par cette instance D\u00e9partementale (notation, discipline, d\u00e9roulement de carri\u00e8re\u2026). Elles se prononcent sur : \uf0de Avancement de &hellip; <\/p>\n<p><a class=\"more-link btn\" href=\"https:\/\/xn--gdfosant33-i7a.fr\/index.php\/instances-representatives\/\">Lire la suite<\/a><\/p>\n","protected":false},"author":1,"featured_media":696,"parent":0,"menu_order":0,"comment_status":"closed","ping_status":"closed","template":"","meta":{"ngg_post_thumbnail":0,"footnotes":""},"_links":{"self":[{"href":"https:\/\/xn--gdfosant33-i7a.fr\/index.php\/wp-json\/wp\/v2\/pages\/673"}],"collection":[{"href":"https:\/\/xn--gdfosant33-i7a.fr\/index.php\/wp-json\/wp\/v2\/pages"}],"about":[{"href":"https:\/\/xn--gdfosant33-i7a.fr\/index.php\/wp-json\/wp\/v2\/types\/page"}],"author":[{"embeddable":true,"href":"https:\/\/xn--gdfosant33-i7a.fr\/index.php\/wp-json\/wp\/v2\/users\/1"}],"replies":[{"embeddable":true,"href":"https:\/\/xn--gdfosant33-i7a.fr\/index.php\/wp-json\/wp\/v2\/comments?post=673"}],"version-history":[{"count":20,"href":"https:\/\/xn--gdfosant33-i7a.fr\/index.php\/wp-json\/wp\/v2\/pages\/673\/revisions"}],"predecessor-version":[{"id":1560,"href":"https:\/\/xn--gdfosant33-i7a.fr\/index.php\/wp-json\/wp\/v2\/pages\/673\/revisions\/1560"}],"wp:featuredmedia":[{"embeddable":true,"href":"https:\/\/xn--gdfosant33-i7a.fr\/index.php\/wp-json\/wp\/v2\/media\/696"}],"wp:attachment":[{"href":"https:\/\/xn--gdfosant33-i7a.fr\/index.php\/wp-json\/wp\/v2\/media?parent=673"}],"curies":[{"name":"wp","href":"https:\/\/api.w.org\/{rel}","templated":true}]}}