{"id":6,"date":"2021-09-10T08:58:06","date_gmt":"2021-09-10T06:58:06","guid":{"rendered":"http:\/\/test.xn--gdfosant33-i7a.fr\/?page_id=6"},"modified":"2024-02-12T13:09:20","modified_gmt":"2024-02-12T12:09:20","slug":"page-daccueil-ordinateur","status":"publish","type":"page","link":"https:\/\/xn--gdfosant33-i7a.fr\/","title":{"rendered":"Accueil et Conseil"},"content":{"rendered":"\n<p class=\"has-text-align-center has-white-color has-text-color has-background has-link-color has-larger-font-size wp-elements-fbc9241320fbdcda65dc1288d40c75ec\" style=\"background-color:#c1001f\">Vos droits  secteur Sant\u00e9 Publique et Priv\u00e9e<\/p>\n\n\n\n<div class=\"wp-block-group alignwide is-layout-constrained wp-block-group-is-layout-constrained\"><div class=\"wp-block-group__inner-container\"><\/div><\/div>\n\n\n\n<p><\/p>\n\n\n\n<p>Bienvenue sur le site du groupement d\u00e9partemental Force Ouvri\u00e8re Sant\u00e9 Publique et Priv\u00e9e.<br>Retrouvez toutes les informations syndicales en Gironde.<br>Vous pouvez acc\u00e9der \u00e0 toutes nos rubriques gr\u00e2ce \u00e0 notre menu de navigation<\/p>\n\n\n<div class=\"wp-block-image\">\n<figure class=\"aligncenter size-full is-resized\"><img loading=\"lazy\" decoding=\"async\" width=\"1000\" height=\"100\" src=\"https:\/\/xn--gdfosant33-i7a.fr\/wp-content\/uploads\/2024\/02\/inFO-long-1.png\" alt=\"\" class=\"wp-image-1632\" style=\"width:750px;height:auto\" srcset=\"https:\/\/xn--gdfosant33-i7a.fr\/wp-content\/uploads\/2024\/02\/inFO-long-1.png 1000w, https:\/\/xn--gdfosant33-i7a.fr\/wp-content\/uploads\/2024\/02\/inFO-long-1-300x30.png 300w, https:\/\/xn--gdfosant33-i7a.fr\/wp-content\/uploads\/2024\/02\/inFO-long-1-768x77.png 768w, https:\/\/xn--gdfosant33-i7a.fr\/wp-content\/uploads\/2024\/02\/inFO-long-1-750x75.png 750w\" sizes=\"(max-width: 1000px) 100vw, 1000px\" \/><\/figure><\/div>\n\n\n<div class=\"wp-block-group is-layout-constrained wp-block-group-is-layout-constrained\"><div class=\"wp-block-group__inner-container\"><\/div><\/div>\n\n\n\n<div class=\"wp-block-group is-layout-constrained wp-block-group-is-layout-constrained\"><div class=\"wp-block-group__inner-container\"><\/div><\/div>\n","protected":false},"excerpt":{"rendered":"<p>Vos droits secteur Sant\u00e9 Publique et Priv\u00e9e Bienvenue sur le site du groupement d\u00e9partemental Force Ouvri\u00e8re Sant\u00e9 Publique et Priv\u00e9e.Retrouvez toutes les informations syndicales en Gironde.Vous pouvez acc\u00e9der \u00e0 toutes nos rubriques gr\u00e2ce \u00e0 notre menu de navigation<\/p>\n","protected":false},"author":1,"featured_media":1133,"parent":0,"menu_order":0,"comment_status":"closed","ping_status":"closed","template":"","meta":{"ngg_post_thumbnail":0,"footnotes":""},"_links":{"self":[{"href":"https:\/\/xn--gdfosant33-i7a.fr\/index.php\/wp-json\/wp\/v2\/pages\/6"}],"collection":[{"href":"https:\/\/xn--gdfosant33-i7a.fr\/index.php\/wp-json\/wp\/v2\/pages"}],"about":[{"href":"https:\/\/xn--gdfosant33-i7a.fr\/index.php\/wp-json\/wp\/v2\/types\/page"}],"author":[{"embeddable":true,"href":"https:\/\/xn--gdfosant33-i7a.fr\/index.php\/wp-json\/wp\/v2\/users\/1"}],"replies":[{"embeddable":true,"href":"https:\/\/xn--gdfosant33-i7a.fr\/index.php\/wp-json\/wp\/v2\/comments?post=6"}],"version-history":[{"count":73,"href":"https:\/\/xn--gdfosant33-i7a.fr\/index.php\/wp-json\/wp\/v2\/pages\/6\/revisions"}],"predecessor-version":[{"id":1667,"href":"https:\/\/xn--gdfosant33-i7a.fr\/index.php\/wp-json\/wp\/v2\/pages\/6\/revisions\/1667"}],"wp:featuredmedia":[{"embeddable":true,"href":"https:\/\/xn--gdfosant33-i7a.fr\/index.php\/wp-json\/wp\/v2\/media\/1133"}],"wp:attachment":[{"href":"https:\/\/xn--gdfosant33-i7a.fr\/index.php\/wp-json\/wp\/v2\/media?parent=6"}],"curies":[{"name":"wp","href":"https:\/\/api.w.org\/{rel}","templated":true}]}}