{"id":31,"date":"2018-01-19T10:48:40","date_gmt":"2018-01-19T09:48:40","guid":{"rendered":"http:\/\/xn--gdfosant33-i7a.fr\/?page_id=31"},"modified":"2021-10-01T12:32:57","modified_gmt":"2021-10-01T10:32:57","slug":"nous-contacter","status":"publish","type":"page","link":"https:\/\/xn--gdfosant33-i7a.fr\/index.php\/nous-contacter\/","title":{"rendered":"Nous contacter"},"content":{"rendered":"<p style=\"text-align: center;\"><span style=\"color: #000000;\"><strong><a href=\"https:\/\/xn--gdfosant33-i7a.fr\/index.php\/nous-contacter\/icone-fo\/\" rel=\"attachment wp-att-310\"><img loading=\"lazy\" decoding=\"async\" class=\" wp-image-310 alignright\" src=\"https:\/\/xn--gdfosant33-i7a.fr\/wp-content\/uploads\/2018\/07\/icone-fo.png\" alt=\"\" width=\"223\" height=\"225\"><\/a>Groupement D\u00e9partemental<\/strong><\/span><br><strong> FORCE OUVRIERE<br><\/strong>Sant\u00e9 Publique et Sant\u00e9 Priv\u00e9e<strong><br><span style=\"color: #ff0000;\">Branche Sant\u00e9<\/span><\/strong><\/p>\n<p style=\"text-align: center;\">17-19 Quai de la Monnaie<\/p>\n<p style=\"text-align: center;\">33080 BORDEAUX Cedex<\/p>\n<p style=\"text-align: center;\"><strong>05.57.95.07.50<\/strong><\/p>\n<p style=\"text-align: center;\"><em><a href=\"mailto:contact@gdfosant\u00e933.fr?subject=Demande%20de%20renseignements\">Nous envoyer un mail ( cliquez ici )<\/a><br><\/em>&nbsp;mail :&nbsp;<strong>CONTACT@gdfosant\u00e933.fr<\/strong><\/p>\n<p>&nbsp;<\/p>\n\n\n<p><\/p>\n","protected":false},"excerpt":{"rendered":"<p>Groupement D\u00e9partemental FORCE OUVRIERESant\u00e9 Publique et Sant\u00e9 Priv\u00e9eBranche Sant\u00e9 17-19 Quai de la Monnaie 33080 BORDEAUX Cedex 05.57.95.07.50 Nous envoyer un mail ( cliquez ici )&nbsp;mail :&nbsp;CONTACT@gdfosant\u00e933.fr &nbsp;<\/p>\n","protected":false},"author":1,"featured_media":310,"parent":0,"menu_order":0,"comment_status":"closed","ping_status":"closed","template":"","meta":{"ngg_post_thumbnail":0,"footnotes":""},"_links":{"self":[{"href":"https:\/\/xn--gdfosant33-i7a.fr\/index.php\/wp-json\/wp\/v2\/pages\/31"}],"collection":[{"href":"https:\/\/xn--gdfosant33-i7a.fr\/index.php\/wp-json\/wp\/v2\/pages"}],"about":[{"href":"https:\/\/xn--gdfosant33-i7a.fr\/index.php\/wp-json\/wp\/v2\/types\/page"}],"author":[{"embeddable":true,"href":"https:\/\/xn--gdfosant33-i7a.fr\/index.php\/wp-json\/wp\/v2\/users\/1"}],"replies":[{"embeddable":true,"href":"https:\/\/xn--gdfosant33-i7a.fr\/index.php\/wp-json\/wp\/v2\/comments?post=31"}],"version-history":[{"count":20,"href":"https:\/\/xn--gdfosant33-i7a.fr\/index.php\/wp-json\/wp\/v2\/pages\/31\/revisions"}],"predecessor-version":[{"id":1243,"href":"https:\/\/xn--gdfosant33-i7a.fr\/index.php\/wp-json\/wp\/v2\/pages\/31\/revisions\/1243"}],"wp:featuredmedia":[{"embeddable":true,"href":"https:\/\/xn--gdfosant33-i7a.fr\/index.php\/wp-json\/wp\/v2\/media\/310"}],"wp:attachment":[{"href":"https:\/\/xn--gdfosant33-i7a.fr\/index.php\/wp-json\/wp\/v2\/media?parent=31"}],"curies":[{"name":"wp","href":"https:\/\/api.w.org\/{rel}","templated":true}]}}